{"id":162,"date":"2021-02-21T02:26:06","date_gmt":"2021-02-20T23:26:06","guid":{"rendered":"https:\/\/siemder.org.tr\/?page_id=162"},"modified":"2023-06-07T14:03:09","modified_gmt":"2023-06-07T11:03:09","slug":"anasayfa","status":"publish","type":"page","link":"https:\/\/siemder.org.tr\/","title":{"rendered":"Ana Sayfa"},"content":{"rendered":"<p>[vc_row full_width=&#8221;stretch_row_content&#8221; css=&#8221;.vc_custom_1613890350353{margin-top: -50px !important;}&#8221;][vc_column width=&#8221;1\/4&#8243; css=&#8221;.vc_custom_1613890145986{padding-top: 60px !important;padding-bottom: 60px !important;background-image: url(https:\/\/siemder.org.tr\/wp-content\/uploads\/2021\/02\/bagis.png?id=170) !important;}&#8221;][vc_row_inner][vc_column_inner]<div id=\"porto-icon-161390230669de1f951bbe6\" class=\"porto-just-icon-wrapper\" style=\"text-align:center;\"><div class=\"porto-icon none\" style=\"color:#ffffff;font-size:36px;display:inline-block;\"><i class=\"fas fa-hands\"><\/i><\/div><\/div>[\/vc_column_inner][\/vc_row_inner][vc_row_inner][vc_column_inner][vc_custom_heading text=&#8221;Ba\u011f\u0131\u015f Yap&#8221; font_container=&#8221;tag:h2|text_align:center|color:%23ffffff&#8221; google_fonts=&#8221;font_family:Arvo%3Aregular%2Citalic%2C700%2C700italic|font_style:400%20regular%3A400%3Anormal&#8221; link=&#8221;url:https%3A%2F%2Fsiemder.org.tr%2F%3Fpage_id%3D372|title:BA%C4%9EI%C5%9ETA%20BULUNUN&#8221;][\/vc_column_inner][\/vc_row_inner][vc_row_inner][vc_column_inner][vc_column_text]<\/p>\n<p style=\"text-align: center;\"><span style=\"color: #ffffff;\">Sizde Ba\u011f\u0131\u015f yaparak yard\u0131ma ihtiyac\u0131 olan dostlar\u0131n\u0131z\u0131 sevindirebilirsiniz<\/span><\/p>\n<p>[\/vc_column_text][\/vc_column_inner][\/vc_row_inner][\/vc_column][vc_column width=&#8221;1\/4&#8243; css=&#8221;.vc_custom_1613890196799{padding-top: 60px !important;padding-bottom: 60px !important;background-image: url(https:\/\/siemder.org.tr\/wp-content\/uploads\/2021\/02\/gonullu.png?id=186) !important;}&#8221;][vc_row_inner][vc_column_inner]<div id=\"porto-icon-204479640669de1f951bfb6\" class=\"porto-just-icon-wrapper\" style=\"text-align:center;\"><div class=\"porto-icon none\" style=\"color:#ffffff;font-size:36px;display:inline-block;\"><i class=\"fas fa-hands-helping\"><\/i><\/div><\/div>[\/vc_column_inner][\/vc_row_inner][vc_row_inner][vc_column_inner][vc_custom_heading text=&#8221;G\u00f6n\u00fcll\u00fc Ol&#8221; font_container=&#8221;tag:h2|text_align:center|color:%23ffffff&#8221; google_fonts=&#8221;font_family:Arvo%3Aregular%2Citalic%2C700%2C700italic|font_style:400%20regular%3A400%3Anormal&#8221;][\/vc_column_inner][\/vc_row_inner][vc_row_inner][vc_column_inner][vc_column_text]<\/p>\n<p style=\"text-align: center;\"><span style=\"color: #ffffff;\">Harekete ge\u00e7mek i\u00e7in yerel bir kampanyaya kat\u0131lmak ister misiniz? Gururlu ol ve Siemdere G\u00f6n\u00fcll\u00fc ol<\/span><\/p>\n<p>[\/vc_column_text][\/vc_column_inner][\/vc_row_inner][\/vc_column][vc_column width=&#8221;1\/4&#8243; css=&#8221;.vc_custom_1613890219071{padding-top: 60px !important;padding-bottom: 60px !important;background-image: url(https:\/\/siemder.org.tr\/wp-content\/uploads\/2021\/02\/yetim.png?id=193) !important;}&#8221;][vc_row_inner][vc_column_inner]<div id=\"porto-icon-141363133669de1f951c30b\" class=\"porto-just-icon-wrapper\" style=\"text-align:center;\"><div class=\"porto-icon none\" style=\"color:#ffffff;font-size:36px;display:inline-block;\"><i class=\"fas fa-child\"><\/i><\/div><\/div>[\/vc_column_inner][\/vc_row_inner][vc_row_inner][vc_column_inner][vc_custom_heading text=&#8221;Zor Hayatlara Destek Ol&#8221; font_container=&#8221;tag:h2|text_align:center|color:%23ffffff&#8221; google_fonts=&#8221;font_family:Arvo%3Aregular%2Citalic%2C700%2C700italic|font_style:400%20regular%3A400%3Anormal&#8221;][\/vc_column_inner][\/vc_row_inner][vc_row_inner][vc_column_inner][vc_column_text]<\/p>\n<p style=\"text-align: center;\"><span style=\"color: #ffffff;\">Yetim \u00e7ocuklar\u0131n ihtiya\u00e7lar\u0131n\u0131 kar\u015f\u0131lamak i\u00e7in onlara yard\u0131mc\u0131 ol<\/span><\/p>\n<p>[\/vc_column_text][\/vc_column_inner][\/vc_row_inner][\/vc_column][vc_column width=&#8221;1\/4&#8243; css=&#8221;.vc_custom_1613890248030{padding-top: 60px !important;padding-bottom: 60px !important;background-image: url(https:\/\/siemder.org.tr\/wp-content\/uploads\/2021\/02\/cansimidi.png?id=197) !important;}&#8221;][vc_row_inner][vc_column_inner]<div id=\"porto-icon-165684230669de1f951c551\" class=\"porto-just-icon-wrapper\" style=\"text-align:center;\"><div class=\"porto-icon none\" style=\"color:#ffffff;font-size:36px;display:inline-block;\"><i class=\"far fa-hand-point-up\"><\/i><\/div><\/div>[\/vc_column_inner][\/vc_row_inner][vc_row_inner][vc_column_inner][vc_custom_heading text=&#8221;Etkinliklerimize Kat\u0131l\u0131n&#8221; font_container=&#8221;tag:h2|text_align:center|color:%23ffffff&#8221; google_fonts=&#8221;font_family:Arvo%3Aregular%2Citalic%2C700%2C700italic|font_style:400%20regular%3A400%3Anormal&#8221;][\/vc_column_inner][\/vc_row_inner][vc_row_inner][vc_column_inner][vc_column_text]<\/p>\n<p style=\"text-align: center;\"><span style=\"color: #ffffff;\">Can Simidi e\u011fitimlerimize kat\u0131l\u0131n<\/span><\/p>\n<p>[\/vc_column_text][\/vc_column_inner][\/vc_row_inner][\/vc_column][\/vc_row][vc_row css=&#8221;.vc_custom_1613907374909{margin-top: 30px !important;}&#8221;][vc_column width=&#8221;1\/2&#8243;][vc_column_text]<\/p>\n<p style=\"text-align: left;\"><strong><span style=\"font-size: 18px;\">Susuz B\u00f6lgelere Temiz ve G\u00fcvenli \u0130\u00e7me Suyu A\u00e7mak i\u00e7in Hizmetkar Olduk.<\/span><\/strong><\/p>\n<p style=\"text-align: left;\"><span style=\"font-size: 16px;\">S\u0130EMDER Derne\u011fi yard\u0131msever ba\u011f\u0131\u015f\u00e7\u0131lar\u0131n\u0131n destekleri, susuzlukla hayat s\u00fcrmeye \u00e7al\u0131\u015fan karde\u015flerine hayat ve serinlik oldu. Olmaya da devam ediyor.<\/span><\/p>\n<p style=\"text-align: left;\"><span style=\"font-size: 16px;\">S\u0130EMDER, susuz olan ve su s\u0131k\u0131nt\u0131s\u0131nda bulunan insanlar\u0131n b\u00f6lgelerine a\u00e7\u0131lan su kuyular\u0131yla ihtiya\u00e7 sahiplerinin i\u00e7me ve kullanma suyu ihtiyac\u0131n\u0131 gidermek, En ba\u015fta salg\u0131n hastal\u0131klar\u0131n sebebi olan susuzlu\u011fun \u00f6n\u00fcne ge\u00e7mek ve a\u00e7\u0131ld\u0131\u011f\u0131 b\u00f6lgenin su ihtiyac\u0131n\u0131 kal\u0131c\u0131 bir \u015fekilde kar\u015f\u0131layarak ayn\u0131 zamanda \u00f6nem arzeden tar\u0131m ve hayvanc\u0131l\u0131\u011f\u0131n geli\u015fmesine olanak sa\u011flamakla birlikte o b\u00f6lgelerdeki misyonerlik faaliyetlerinin de en b\u00fcy\u00fck kozlar\u0131ndan birini engellemeyi hedefliyor.<\/span><\/p>\n<p style=\"text-align: left;\"><span style=\"font-size: 16px;\">S\u0130EMDER, Ge\u00e7 kalmamak i\u00e7in \u201cyar\u0131n\u201d de\u011fil \u201c\u015fimdi\u201d diyerek t\u00fcm ba\u011f\u0131\u015f\u00e7\u0131lar\u0131n\u0131 bizimle \u00e7al\u0131\u015fmaya davet ediyor.<\/span><\/p>\n<p>[\/vc_column_text][\/vc_column][vc_column width=&#8221;1\/2&#8243;][vc_single_image image=&#8221;644&#8243; img_size=&#8221;550&#215;460&#8243; alignment=&#8221;center&#8221; animation_type=&#8221;zoomIn&#8221;][\/vc_column][\/vc_row][vc_row full_width=&#8221;stretch_row&#8221; content_placement=&#8221;middle&#8221; css=&#8221;.vc_custom_1613871184334{background-image: url(https:\/\/siemder.org.tr\/wp-content\/uploads\/2021\/02\/layer-home1-4.jpg?id=328) !important;background-position: center !important;background-repeat: no-repeat !important;background-size: cover !important;}&#8221;][vc_column width=&#8221;1\/3&#8243;]<div class=\"stats-block stats-top  \"><div class=\"porto-sicon-top\"><div id=\"porto-icon-3641361669de1f951d44e\" class=\"porto-just-icon-wrapper\" style=\"text-align:center;\"><div class=\"porto-icon none\" style=\"color:#f7f7f7;font-size:32px;display:inline-block;\"><i class=\"fas fa-calendar-alt\"><\/i><\/div><\/div><\/div><div class=\"stats-desc\"><div id=\"counter_171224097469de1f951d661\" data-id=\"counter_171224097469de1f951d661\" class=\"stats-number\" style=\"font-size:28px; color:#f4f4f4;\" data-speed=\"3\" data-counter-value=\"17\" data-separator=\",\" data-decimal=\".\">0<\/div><div class=\"stats-text\" style=\"font-family:Acme; font-weight:400; font-style:normal; font-size:28px;color:#f4f4f4;\">Y\u0131ll\u0131k Deneyim<\/div><\/div><\/div>[\/vc_column][vc_column width=&#8221;1\/3&#8243;]<div class=\"stats-block stats-top  \"><div class=\"porto-sicon-top\"><div id=\"porto-icon-35574489669de1f951dd60\" class=\"porto-just-icon-wrapper\" style=\"text-align:center;\"><div class=\"porto-icon none\" style=\"color:#ffffff;font-size:40px;display:inline-block;\"><i class=\"fas fa-box-open\"><\/i><\/div><\/div><\/div><div class=\"stats-desc\"><div id=\"counter_13436501869de1f951de8c\" data-id=\"counter_13436501869de1f951de8c\" class=\"stats-number\" style=\"font-size:28px; color:#ffffff;\" data-speed=\"3\" data-counter-value=\"395\" data-separator=\",\" data-decimal=\".\">0<\/div><div class=\"stats-text\" style=\"font-family:Acme; font-weight:400; font-style:normal; font-size:28px;color:#ffffff;\">Yard\u0131m Kampanyas\u0131<\/div><\/div><\/div>[\/vc_column][vc_column width=&#8221;1\/3&#8243;]<div class=\"stats-block stats-top  \"><div class=\"porto-sicon-top\"><div id=\"porto-icon-210641067569de1f951e7f2\" class=\"porto-just-icon-wrapper\" style=\"text-align:center;\"><div class=\"porto-icon none\" style=\"color:#ffffff;font-size:40px;display:inline-block;\"><i class=\"fas fa-users\"><\/i><\/div><\/div><\/div><div class=\"stats-desc\"><div id=\"counter_86944929569de1f951e94d\" data-id=\"counter_86944929569de1f951e94d\" class=\"stats-number\" style=\"font-size:28px; color:#f9f9f9;\" data-speed=\"3\" data-counter-value=\"54\" data-separator=\",\" data-decimal=\".\">0<\/div><div class=\"stats-text\" style=\"font-family:Acme; font-weight:400; font-style:normal; font-size:28px;color:#f9f9f9;\">Milyon Ki\u015fi<\/div><\/div><\/div>[\/vc_column][\/vc_row][vc_row][vc_column][vc_custom_heading text=&#8221;Faaliyetlerimiz&#8221; font_container=&#8221;tag:h1|text_align:center|color:%23ae251f&#8221; show_border=&#8221;yes&#8221; border_skin=&#8221;primary&#8221; border_type=&#8221;middle-border-center&#8221;][\/vc_column][\/vc_row][vc_row][vc_column][vc_basic_grid post_type=&#8221;post&#8221; max_items=&#8221;12&#8243; gap=&#8221;5&#8243; item=&#8221;basicGrid_SlideBottomWithIcon&#8221; grid_id=&#8221;vc_gid:1686135741705-cc917107412368147286f2208187bbff-2&#8243; taxonomies=&#8221;10&#8243;][\/vc_column][\/vc_row][vc_row][vc_column][vc_custom_heading text=&#8221;Duyurular&#8221; font_container=&#8221;tag:h1|text_align:center&#8221; skin=&#8221;primary&#8221; show_border=&#8221;yes&#8221; border_skin=&#8221;primary&#8221; border_type=&#8221;middle-border-center&#8221;][\/vc_column][\/vc_row][vc_row][vc_column][vc_basic_grid post_type=&#8221;post&#8221; max_items=&#8221;4&#8243; element_width=&#8221;3&#8243; gap=&#8221;5&#8243; item=&#8221;basicGrid_VerticalFlip&#8221; grid_id=&#8221;vc_gid:1686135741914-c2e153c392e97f54e800acd41ffc7541-6&#8243; taxonomies=&#8221;13&#8243; css=&#8221;.vc_custom_1613937070141{margin-top: 0px !important;margin-right: 0px !important;margin-bottom: 0px !important;margin-left: 0px !important;border-top-width: 0px !important;border-right-width: 0px !important;border-bottom-width: 0px !important;border-left-width: 0px !important;padding-top: 0px !important;padding-right: 0px !important;padding-bottom: 0px !important;padding-left: 0px !important;}&#8221;][\/vc_column][\/vc_row][vc_row][vc_column][\/vc_column][\/vc_row]<\/p>\n","protected":false},"excerpt":{"rendered":"<p>[vc_row full_width=&#8221;stretch_row_content&#8221; css=&#8221;.vc_custom_1613890350353{margin-top: -50px !important;}&#8221;][vc_column width=&#8221;1\/4&#8243; css=&#8221;.vc_custom_1613890145986{padding-top: 60px !important;padding-bottom: 60px !important;background-image: url(https:\/\/siemder.org.tr\/wp-content\/uploads\/2021\/02\/bagis.png?id=170) !important;}&#8221;][vc_row_inner][vc_column_inner][\/vc_column_inner][\/vc_row_inner][vc_row_inner][vc_column_inner][vc_custom_heading text=&#8221;Ba\u011f\u0131\u015f Yap&#8221; font_container=&#8221;tag:h2|text_align:center|color:%23ffffff&#8221; google_fonts=&#8221;font_family:Arvo%3Aregular%2Citalic%2C700%2C700italic|font_style:400%20regular%3A400%3Anormal&#8221; link=&#8221;url:https%3A%2F%2Fsiemder.org.tr%2F%3Fpage_id%3D372|title:BA%C4%9EI%C5%9ETA%20BULUNUN&#8221;][\/vc_column_inner][\/vc_row_inner][vc_row_inner][vc_column_inner][vc_column_text] Sizde Ba\u011f\u0131\u015f yaparak yard\u0131ma ihtiyac\u0131 olan dostlar\u0131n\u0131z\u0131 sevindirebilirsiniz [\/vc_column_text][\/vc_column_inner][\/vc_row_inner][\/vc_column][vc_column width=&#8221;1\/4&#8243; css=&#8221;.vc_custom_1613890196799{padding-top: 60px !important;padding-bottom: 60px !important;background-image: url(https:\/\/siemder.org.tr\/wp-content\/uploads\/2021\/02\/gonullu.png?id=186) !important;}&#8221;][vc_row_inner][vc_column_inner][\/vc_column_inner][\/vc_row_inner][vc_row_inner][vc_column_inner][vc_custom_heading text=&#8221;G\u00f6n\u00fcll\u00fc Ol&#8221; font_container=&#8221;tag:h2|text_align:center|color:%23ffffff&#8221; google_fonts=&#8221;font_family:Arvo%3Aregular%2Citalic%2C700%2C700italic|font_style:400%20regular%3A400%3Anormal&#8221;][\/vc_column_inner][\/vc_row_inner][vc_row_inner][vc_column_inner][vc_column_text] Harekete ge\u00e7mek i\u00e7in yerel bir kampanyaya kat\u0131lmak ister misiniz? Gururlu ol ve Siemdere G\u00f6n\u00fcll\u00fc ol [\/vc_column_text][\/vc_column_inner][\/vc_row_inner][\/vc_column][vc_column [&hellip;]<\/p>\n","protected":false},"author":1,"featured_media":0,"parent":0,"menu_order":0,"comment_status":"closed","ping_status":"closed","template":"","meta":{"footnotes":""},"class_list":["post-162","page","type-page","status-publish","hentry"],"_links":{"self":[{"href":"https:\/\/siemder.org.tr\/index.php?rest_route=\/wp\/v2\/pages\/162","targetHints":{"allow":["GET"]}}],"collection":[{"href":"https:\/\/siemder.org.tr\/index.php?rest_route=\/wp\/v2\/pages"}],"about":[{"href":"https:\/\/siemder.org.tr\/index.php?rest_route=\/wp\/v2\/types\/page"}],"author":[{"embeddable":true,"href":"https:\/\/siemder.org.tr\/index.php?rest_route=\/wp\/v2\/users\/1"}],"replies":[{"embeddable":true,"href":"https:\/\/siemder.org.tr\/index.php?rest_route=%2Fwp%2Fv2%2Fcomments&post=162"}],"version-history":[{"count":39,"href":"https:\/\/siemder.org.tr\/index.php?rest_route=\/wp\/v2\/pages\/162\/revisions"}],"predecessor-version":[{"id":1013,"href":"https:\/\/siemder.org.tr\/index.php?rest_route=\/wp\/v2\/pages\/162\/revisions\/1013"}],"wp:attachment":[{"href":"https:\/\/siemder.org.tr\/index.php?rest_route=%2Fwp%2Fv2%2Fmedia&parent=162"}],"curies":[{"name":"wp","href":"https:\/\/api.w.org\/{rel}","templated":true}]}}