{"id":372,"date":"2021-02-21T05:05:01","date_gmt":"2021-02-21T02:05:01","guid":{"rendered":"https:\/\/siemder.org.tr\/?page_id=372"},"modified":"2023-06-07T13:45:57","modified_gmt":"2023-06-07T10:45:57","slug":"bagista-bulunun","status":"publish","type":"page","link":"https:\/\/siemder.org.tr\/?page_id=372","title":{"rendered":"BA\u011eI\u015eTA BULUNUN"},"content":{"rendered":"\t\t<div data-elementor-type=\"wp-page\" data-elementor-id=\"372\" class=\"elementor elementor-372\" data-elementor-settings=\"[]\">\n\t\t\t\t\t\t\t<div class=\"elementor-section-wrap\">\n\t\t\t\t\t\t\t<section class=\"elementor-section elementor-top-section elementor-element elementor-element-16cfdb42 elementor-section-boxed elementor-section-height-default elementor-section-height-default\" data-id=\"16cfdb42\" data-element_type=\"section\">\r\n\t\t\t\r\n\t\t\t\t\t\t\t\t\t<div class=\"elementor-container elementor-column-gap-default\">\r\n\t\t\t\t\t\t\t\t\t\t\t<div class=\"elementor-column elementor-col-100 elementor-top-column elementor-element elementor-element-9bce7c5\" data-id=\"9bce7c5\" data-element_type=\"column\">\n\t\t\t<div class=\"elementor-widget-wrap elementor-element-populated\">\n\t\t\t\t\t\t\t\t<div class=\"elementor-element elementor-element-1efd1265 elementor-widget elementor-widget-text-editor\" data-id=\"1efd1265\" data-element_type=\"widget\" data-widget_type=\"text-editor.default\">\n\t\t\t\t<div class=\"elementor-widget-container\">\n\t\t\t\t\t<div class=\"elementor-text-editor elementor-clearfix\"><p><!-- wp:paragraph --><\/p>\n<p><strong>Ba\u011f\u0131\u015f Yaparak Zor Hayatlara Destek Olun<\/strong><\/p>\n<figure class=\"wp-block-image\"><img decoding=\"async\" src=\"http:\/\/siemder.com\/wp-content\/uploads\/2019\/02\/kuveyt-turk-bankasi.png\" alt=\"\" \/><\/figure>\n<p><!-- \/wp:paragraph --><\/p><\/div>\n\t\t\t\t<\/div>\n\t\t\t\t<\/div>\n\t\t\t\t<div class=\"elementor-element elementor-element-59dae21 elementor-widget elementor-widget-image\" data-id=\"59dae21\" data-element_type=\"widget\" data-widget_type=\"image.default\">\n\t\t\t\t<div class=\"elementor-widget-container\">\n\t\t\t\t\t<div class=\"elementor-image\">\n\t\t\t\t\t\t\t\t\t\t<img loading=\"lazy\" decoding=\"async\" width=\"768\" height=\"165\" src=\"https:\/\/siemder.org.tr\/wp-content\/uploads\/2023\/06\/siemder-768x165.png\" class=\"attachment-medium_large size-medium_large\" alt=\"\" srcset=\"https:\/\/siemder.org.tr\/wp-content\/uploads\/2023\/06\/siemder-768x165.png 768w, https:\/\/siemder.org.tr\/wp-content\/uploads\/2023\/06\/siemder-640x138.png 640w, https:\/\/siemder.org.tr\/wp-content\/uploads\/2023\/06\/siemder-400x86.png 400w, https:\/\/siemder.org.tr\/wp-content\/uploads\/2023\/06\/siemder-367x79.png 367w\" sizes=\"auto, (max-width: 768px) 100vw, 768px\" \/>\t\t\t\t\t\t\t\t\t\t\t<\/div>\n\t\t\t\t<\/div>\n\t\t\t\t<\/div>\n\t\t\t\t\t<\/div>\n\t\t<\/div>\n\t\t\t\t\t\t<\/div>\r\n\t\t\t\t<\/section>\r\n\t\t\t\t\t\t<\/div>\n\t\t\t\t\t<\/div>\n\t\t","protected":false},"excerpt":{"rendered":"<p>Ba\u011f\u0131\u015f Yaparak Zor Hayatlara Destek Olun<\/p>\n","protected":false},"author":1,"featured_media":0,"parent":0,"menu_order":0,"comment_status":"closed","ping_status":"closed","template":"","meta":{"footnotes":""},"class_list":["post-372","page","type-page","status-publish","hentry"],"_links":{"self":[{"href":"https:\/\/siemder.org.tr\/index.php?rest_route=\/wp\/v2\/pages\/372","targetHints":{"allow":["GET"]}}],"collection":[{"href":"https:\/\/siemder.org.tr\/index.php?rest_route=\/wp\/v2\/pages"}],"about":[{"href":"https:\/\/siemder.org.tr\/index.php?rest_route=\/wp\/v2\/types\/page"}],"author":[{"embeddable":true,"href":"https:\/\/siemder.org.tr\/index.php?rest_route=\/wp\/v2\/users\/1"}],"replies":[{"embeddable":true,"href":"https:\/\/siemder.org.tr\/index.php?rest_route=%2Fwp%2Fv2%2Fcomments&post=372"}],"version-history":[{"count":14,"href":"https:\/\/siemder.org.tr\/index.php?rest_route=\/wp\/v2\/pages\/372\/revisions"}],"predecessor-version":[{"id":1009,"href":"https:\/\/siemder.org.tr\/index.php?rest_route=\/wp\/v2\/pages\/372\/revisions\/1009"}],"wp:attachment":[{"href":"https:\/\/siemder.org.tr\/index.php?rest_route=%2Fwp%2Fv2%2Fmedia&parent=372"}],"curies":[{"name":"wp","href":"https:\/\/api.w.org\/{rel}","templated":true}]}}