{"id":39,"date":"2016-08-11T08:55:34","date_gmt":"2016-08-11T08:55:34","guid":{"rendered":"http:\/\/sw-themes.com\/porto_dummy\/?page_id=39"},"modified":"2021-02-21T04:08:29","modified_gmt":"2021-02-21T01:08:29","slug":"about-us","status":"publish","type":"page","link":"https:\/\/siemder.org.tr\/?page_id=39","title":{"rendered":"About Us"},"content":{"rendered":"<p>[vc_row][vc_column width=&#8221;2\/3&#8243;][vc_custom_heading text=&#8221;Hakk\u0131m\u0131zda&#8221; font_container=&#8221;tag:h2|font_size:36|text_align:left&#8221; use_theme_fonts=&#8221;yes&#8221; el_class=&#8221;m-b-md&#8221;][vc_separator color=&#8221;custom&#8221; align=&#8221;align_left&#8221; border_width=&#8221;3&#8243; type=&#8221;small&#8221; accent_color=&#8221;#cfa968&#8243;][vc_column_text el_class=&#8221;lead m-b-lg&#8221;]Sohbet ilim e\u011fitim merkezi derne\u011fi (S\u0130EMDER) olarak d\u00fcnya \u00e7ap\u0131nda e\u011fitim ve yard\u0131m ihtiyac\u0131 duyulan her b\u00f6lgede o \u00fclkenin ve b\u00f6lgenin hassasiyetlerini de g\u00f6z \u00f6n\u00fcnde bulundurarak e\u011fitim faaliyetlerinde bulunmak e\u011fitim i\u00e7in gerekli g\u00f6r\u00fclen ortam\u0131 sa\u011flaman\u0131n bir par\u00e7as\u0131 olan ya\u015fam kalitesini y\u00fckseltmek i\u00e7in gerekli yard\u0131m ve ihtiya\u00e7lar\u0131n kar\u015f\u0131lanmas\u0131n\u0131 sa\u011flamay\u0131 ama\u00e7 edinen d\u00fcnya \u00e7ap\u0131nda bir yard\u0131m hareketiyiz.[\/vc_column_text][vc_column_text]Afrika\u2019da fakir ve muhta\u00e7 b\u00f6lgelerdeki halklar\u0131 e\u011fitim faaliyetlerimiz ile ahlak\u00ee, ilm\u00ee, fikr\u00ee seviyelerini y\u00fckseltmek yard\u0131m severlerimizin destekleri ile maddi ve manevi kalk\u0131nmalar\u0131n\u0131 sa\u011flamak. Necib milletimizin tarih\u00ee ve k\u00fclt\u00fcrel miras\u0131n\u0131 korumak, geli\u015ftirmek, toplum ve bireyleri aras\u0131nda sayg\u0131, sevgi ve birlik beraberlik i\u00e7inde ya\u015famay\u0131 temin edici sohbetler, toplant\u0131lar d\u00fczenleyerek e\u011fitim vermek. Amac\u0131m\u0131z \u00fclkemizde ve d\u00fcnyada meydana gelen afet, sava\u015f , k\u0131tl\u0131k ve ola\u011fan durumlarda ihtiya\u00e7 sahiplerine g\u0131da, giyim sa\u011fl\u0131k, e\u011fitim, yakacak, kira, bar\u0131nma, evlenme, i\u015f kurma, a\u015fevleri kurmak gibi hususlarda aynii, nakdii her t\u00fcrl\u00fc maddi manevi yard\u0131mda bulunmak ve \u0130nsanlar\u0131n menfaatine olacak her t\u00fcrl\u00fc faaliyeti destekleyecek \u00e7al\u0131\u015fmalar yapmakt\u0131r. Bu faaliyetlerimizi Afrika\u2019n\u0131n da yerlisi olan dernek g\u00f6n\u00fcll\u00fclerimiz ve partnerlerimizle Burkina Faso\u2019daki ofisimizden de takip ediyoruz.[\/vc_column_text][\/vc_column][vc_column width=&#8221;1\/3&#8243;][vc_single_image image=&#8221;325&#8243; img_size=&#8221;large&#8221; label=&#8221;&#8221;][\/vc_column][\/vc_row]<\/p>\n","protected":false},"excerpt":{"rendered":"<p>[vc_row][vc_column width=&#8221;2\/3&#8243;][vc_custom_heading text=&#8221;Hakk\u0131m\u0131zda&#8221; font_container=&#8221;tag:h2|font_size:36|text_align:left&#8221; use_theme_fonts=&#8221;yes&#8221; el_class=&#8221;m-b-md&#8221;][vc_separator color=&#8221;custom&#8221; align=&#8221;align_left&#8221; border_width=&#8221;3&#8243; type=&#8221;small&#8221; accent_color=&#8221;#cfa968&#8243;][vc_column_text el_class=&#8221;lead m-b-lg&#8221;]Sohbet ilim e\u011fitim merkezi derne\u011fi (S\u0130EMDER) olarak d\u00fcnya \u00e7ap\u0131nda e\u011fitim ve yard\u0131m ihtiyac\u0131 duyulan her b\u00f6lgede o \u00fclkenin ve b\u00f6lgenin hassasiyetlerini de g\u00f6z \u00f6n\u00fcnde bulundurarak e\u011fitim faaliyetlerinde bulunmak e\u011fitim i\u00e7in gerekli g\u00f6r\u00fclen ortam\u0131 sa\u011flaman\u0131n bir par\u00e7as\u0131 olan ya\u015fam kalitesini y\u00fckseltmek i\u00e7in gerekli yard\u0131m [&hellip;]<\/p>\n","protected":false},"author":1,"featured_media":0,"parent":0,"menu_order":0,"comment_status":"closed","ping_status":"closed","template":"","meta":{"footnotes":""},"class_list":["post-39","page","type-page","status-publish","hentry"],"_links":{"self":[{"href":"https:\/\/siemder.org.tr\/index.php?rest_route=\/wp\/v2\/pages\/39","targetHints":{"allow":["GET"]}}],"collection":[{"href":"https:\/\/siemder.org.tr\/index.php?rest_route=\/wp\/v2\/pages"}],"about":[{"href":"https:\/\/siemder.org.tr\/index.php?rest_route=\/wp\/v2\/types\/page"}],"author":[{"embeddable":true,"href":"https:\/\/siemder.org.tr\/index.php?rest_route=\/wp\/v2\/users\/1"}],"replies":[{"embeddable":true,"href":"https:\/\/siemder.org.tr\/index.php?rest_route=%2Fwp%2Fv2%2Fcomments&post=39"}],"version-history":[{"count":1,"href":"https:\/\/siemder.org.tr\/index.php?rest_route=\/wp\/v2\/pages\/39\/revisions"}],"predecessor-version":[{"id":326,"href":"https:\/\/siemder.org.tr\/index.php?rest_route=\/wp\/v2\/pages\/39\/revisions\/326"}],"wp:attachment":[{"href":"https:\/\/siemder.org.tr\/index.php?rest_route=%2Fwp%2Fv2%2Fmedia&parent=39"}],"curies":[{"name":"wp","href":"https:\/\/api.w.org\/{rel}","templated":true}]}}